{"id":2213,"date":"2025-04-04T08:04:31","date_gmt":"2025-04-04T08:04:31","guid":{"rendered":"https:\/\/demo2wpopal.b-cdn.net\/spaciaz\/?page_id=2213"},"modified":"2025-11-18T23:47:53","modified_gmt":"2025-11-18T22:47:53","slug":"services-style-02","status":"publish","type":"page","link":"https:\/\/elitepro.tab-cs.tech\/?page_id=2213","title":{"rendered":"Nos projets"},"content":{"rendered":"\t\t<div data-elementor-type=\"wp-page\" data-elementor-id=\"2213\" class=\"elementor elementor-2213\">\n\t\t\t\t<div class=\"elementor-element elementor-element-e1b27f2 e-con-full e-flex e-con e-parent\" data-id=\"e1b27f2\" data-element_type=\"container\" data-settings=\"{&quot;background_background&quot;:&quot;classic&quot;}\">\n\t\t<div class=\"elementor-element elementor-element-ec6f241 e-flex e-con-boxed e-con e-child\" data-id=\"ec6f241\" data-element_type=\"container\">\n\t\t\t\t\t<div class=\"e-con-inner\">\n\t\t\t\t<div class=\"elementor-element elementor-element-36a6227 elementor-widget elementor-widget-page-title\" data-id=\"36a6227\" data-element_type=\"widget\" data-widget_type=\"page-title.default\">\n\t\t\t\t<div class=\"elementor-widget-container\">\n\t\t\t\t\t\t\t\n\t\t<div class=\"hfe-page-title hfe-page-title-wrapper elementor-widget-heading\">\n\n\t\t\t\t\t\t\t\t<h2 class=\"elementor-heading-title elementor-size-default\">\n\t\t\t\t\t\t\t\t\n\t\t\t\tNos projets  \n\t\t\t<\/h2 > \n\t\t\t\t\t<\/div>\n\t\t\t\t\t\t<\/div>\n\t\t\t\t<\/div>\n\t\t\t\t<div class=\"elementor-element elementor-element-a5f56cf elementor-widget elementor-widget-hfe-breadcrumbs-widget\" data-id=\"a5f56cf\" data-element_type=\"widget\" data-widget_type=\"hfe-breadcrumbs-widget.default\">\n\t\t\t\t<div class=\"elementor-widget-container\">\n\t\t\t\t\t<nav aria-label=\"Breadcrumb\"><ul class=\"hfe-breadcrumbs hfe-breadcrumbs-show-home\"><li class=\"hfe-breadcrumbs-item hfe-breadcrumbs-first\"><span class=\"hfe-breadcrumbs-home-icon\"><\/span><a href=\"https:\/\/elitepro.tab-cs.tech\"><span class=\"hfe-breadcrumbs-text\">Home<\/span><\/a><\/li><\/ul><\/nav>\t\t\t\t<\/div>\n\t\t\t\t<\/div>\n\t\t\t\t\t<\/div>\n\t\t\t\t<\/div>\n\t\t\t\t<div class=\"elementor-element elementor-element-e58b90e elementor-widget elementor-widget-spacer\" data-id=\"e58b90e\" data-element_type=\"widget\" data-widget_type=\"spacer.default\">\n\t\t\t\t\t\t\t<div class=\"elementor-spacer\">\n\t\t\t<div class=\"elementor-spacer-inner\"><\/div>\n\t\t<\/div>\n\t\t\t\t\t\t<\/div>\n\t\t\t\t<\/div>\n\t\t<div class=\"elementor-element elementor-element-7fea714 e-flex e-con-boxed e-con e-parent\" data-id=\"7fea714\" data-element_type=\"container\">\n\t\t\t\t\t<div class=\"e-con-inner\">\n\t\t\t\t<div class=\"elementor-element elementor-element-a380b65 elementor-widget__width-initial animated-fast elementor-invisible elementor-widget elementor-widget-heading\" data-id=\"a380b65\" data-element_type=\"widget\" data-settings=\"{&quot;_animation&quot;:&quot;opal-move-up&quot;}\" data-widget_type=\"heading.default\">\n\t\t\t\t\t<h2 class=\"elementor-heading-title elementor-size-default\">Des R\u00e9sidences d'Exception pour Votre Avenir<\/h2>\t\t\t\t<\/div>\n\t\t\t\t\t<\/div>\n\t\t\t\t<\/div>\n\t\t<div class=\"elementor-element elementor-element-69c9227 e-flex e-con-boxed e-con e-parent\" data-id=\"69c9227\" data-element_type=\"container\">\n\t\t\t\t\t<div class=\"e-con-inner\">\n\t\t\t\t<div class=\"elementor-element elementor-element-ae2f6d8 elementor-project-style-1 overflow-to-none elementor-widget elementor-widget-spaciaz-projects\" data-id=\"ae2f6d8\" data-element_type=\"widget\" data-settings=\"{&quot;slides_to_show&quot;:3,&quot;spaceBetween&quot;:{&quot;unit&quot;:&quot;px&quot;,&quot;size&quot;:30,&quot;sizes&quot;:[]},&quot;spaceBetween_laptop&quot;:{&quot;unit&quot;:&quot;px&quot;,&quot;size&quot;:&quot;&quot;,&quot;sizes&quot;:[]},&quot;spaceBetween_tablet_extra&quot;:{&quot;unit&quot;:&quot;px&quot;,&quot;size&quot;:&quot;&quot;,&quot;sizes&quot;:[]},&quot;spaceBetween_tablet&quot;:{&quot;unit&quot;:&quot;px&quot;,&quot;size&quot;:&quot;&quot;,&quot;sizes&quot;:[]},&quot;spaceBetween_mobile_extra&quot;:{&quot;unit&quot;:&quot;px&quot;,&quot;size&quot;:&quot;&quot;,&quot;sizes&quot;:[]},&quot;spaceBetween_mobile&quot;:{&quot;unit&quot;:&quot;px&quot;,&quot;size&quot;:&quot;&quot;,&quot;sizes&quot;:[]},&quot;swiper_overflow&quot;:&quot;none&quot;,&quot;navigation&quot;:&quot;none&quot;,&quot;enable_scrollbar&quot;:&quot;no&quot;,&quot;autoplay&quot;:&quot;yes&quot;,&quot;pause_on_hover&quot;:&quot;yes&quot;,&quot;pause_on_interaction&quot;:&quot;yes&quot;,&quot;autoplay_speed&quot;:5000,&quot;infinite&quot;:&quot;yes&quot;,&quot;loopAdditionalSlides&quot;:0,&quot;speed&quot;:500}\" data-widget_type=\"spaciaz-projects.default\">\n\t\t\t\t<div class=\"elementor-widget-container\">\n\t\t\t\t\t        <div class=\"elementor-project-wrapper\">\n            <div class=\"d-grid\">\n                                    <div class=\"grid-item\">\n                        <div class=\"project-item project-style-1\">\n    <div class=\"project-post-thumbnail\">\n        <div class=\"project-status\"><a href=\"https:\/\/elitepro.tab-cs.tech\/?project_status=under-construction\" rel=\"tag\">Under Construction<\/a><\/div>                    <img fetchpriority=\"high\" decoding=\"async\" width=\"1536\" height=\"1024\" src=\"https:\/\/elitepro.tab-cs.tech\/wp-content\/uploads\/2025\/03\/27d965c9-8648-4dc7-a4c4-64f1427c100f.png\" class=\"attachment-spaciaz-project size-spaciaz-project wp-post-image\" alt=\"\" srcset=\"https:\/\/elitepro.tab-cs.tech\/wp-content\/uploads\/2025\/03\/27d965c9-8648-4dc7-a4c4-64f1427c100f.png 1536w, https:\/\/elitepro.tab-cs.tech\/wp-content\/uploads\/2025\/03\/27d965c9-8648-4dc7-a4c4-64f1427c100f-300x200.png 300w, https:\/\/elitepro.tab-cs.tech\/wp-content\/uploads\/2025\/03\/27d965c9-8648-4dc7-a4c4-64f1427c100f-1024x683.png 1024w, https:\/\/elitepro.tab-cs.tech\/wp-content\/uploads\/2025\/03\/27d965c9-8648-4dc7-a4c4-64f1427c100f-768x512.png 768w\" sizes=\"(max-width: 1536px) 100vw, 1536px\" \/>            <\/div><!-- .post-thumbnail -->\n    <div class=\"project-content\">\n        <div class=\"project-location\"><i class=\"spaciaz-icon-marker\"><\/i><a href=\"https:\/\/elitepro.tab-cs.tech\/?project_location=el-achour-alger\" rel=\"tag\">El Achour Alger<\/a><\/div>        <h4 class=\"project-title delta\"><a href=\"https:\/\/elitepro.tab-cs.tech\/?spaciaz_project=greenview-apartments\">R\u00e9sidence Asteria el achour alger<\/a><\/h4>\n    <\/div>\n<\/div>\n                    <\/div>\n                                        <div class=\"grid-item\">\n                        <div class=\"project-item project-style-1\">\n    <div class=\"project-post-thumbnail\">\n        <div class=\"project-status\"><a href=\"https:\/\/elitepro.tab-cs.tech\/?project_status=under-construction\" rel=\"tag\">Under Construction<\/a><\/div>                    <img decoding=\"async\" width=\"1536\" height=\"1024\" src=\"https:\/\/elitepro.tab-cs.tech\/wp-content\/uploads\/2025\/04\/ca906a7d-9a58-4f29-a2c8-6e9dec25eee3.png\" class=\"attachment-spaciaz-project size-spaciaz-project wp-post-image\" alt=\"\" srcset=\"https:\/\/elitepro.tab-cs.tech\/wp-content\/uploads\/2025\/04\/ca906a7d-9a58-4f29-a2c8-6e9dec25eee3.png 1536w, https:\/\/elitepro.tab-cs.tech\/wp-content\/uploads\/2025\/04\/ca906a7d-9a58-4f29-a2c8-6e9dec25eee3-300x200.png 300w, https:\/\/elitepro.tab-cs.tech\/wp-content\/uploads\/2025\/04\/ca906a7d-9a58-4f29-a2c8-6e9dec25eee3-1024x683.png 1024w, https:\/\/elitepro.tab-cs.tech\/wp-content\/uploads\/2025\/04\/ca906a7d-9a58-4f29-a2c8-6e9dec25eee3-768x512.png 768w\" sizes=\"(max-width: 1536px) 100vw, 1536px\" \/>            <\/div><!-- .post-thumbnail -->\n    <div class=\"project-content\">\n        <div class=\"project-location\"><i class=\"spaciaz-icon-marker\"><\/i><a href=\"https:\/\/elitepro.tab-cs.tech\/?project_location=boumerdes\" rel=\"tag\">Boumerdes<\/a><\/div>        <h4 class=\"project-title delta\"><a href=\"https:\/\/elitepro.tab-cs.tech\/?spaciaz_project=urban-heights-residence\">R\u00e9sidences les magnolia<\/a><\/h4>\n    <\/div>\n<\/div>\n                    <\/div>\n                                <\/div>\n\n        <\/div>\n                \t\t\t\t<\/div>\n\t\t\t\t<\/div>\n\t\t\t\t\t<\/div>\n\t\t\t\t<\/div>\n\t\t\t\t<\/div>\n\t\t","protected":false},"excerpt":{"rendered":"<p>Nos projets Home Des R\u00e9sidences d&rsquo;Exception pour Votre Avenir Under Construction El Achour Alger R\u00e9sidence Asteria el achour alger Under Construction New York, NY R\u00e9sidences les magnolia<\/p>\n","protected":false},"author":1,"featured_media":0,"parent":0,"menu_order":0,"comment_status":"closed","ping_status":"closed","template":"template-homepage.php","meta":{"footnotes":""},"class_list":["post-2213","page","type-page","status-publish","hentry"],"_links":{"self":[{"href":"https:\/\/elitepro.tab-cs.tech\/index.php?rest_route=\/wp\/v2\/pages\/2213","targetHints":{"allow":["GET"]}}],"collection":[{"href":"https:\/\/elitepro.tab-cs.tech\/index.php?rest_route=\/wp\/v2\/pages"}],"about":[{"href":"https:\/\/elitepro.tab-cs.tech\/index.php?rest_route=\/wp\/v2\/types\/page"}],"author":[{"embeddable":true,"href":"https:\/\/elitepro.tab-cs.tech\/index.php?rest_route=\/wp\/v2\/users\/1"}],"replies":[{"embeddable":true,"href":"https:\/\/elitepro.tab-cs.tech\/index.php?rest_route=%2Fwp%2Fv2%2Fcomments&post=2213"}],"version-history":[{"count":20,"href":"https:\/\/elitepro.tab-cs.tech\/index.php?rest_route=\/wp\/v2\/pages\/2213\/revisions"}],"predecessor-version":[{"id":6587,"href":"https:\/\/elitepro.tab-cs.tech\/index.php?rest_route=\/wp\/v2\/pages\/2213\/revisions\/6587"}],"wp:attachment":[{"href":"https:\/\/elitepro.tab-cs.tech\/index.php?rest_route=%2Fwp%2Fv2%2Fmedia&parent=2213"}],"curies":[{"name":"wp","href":"https:\/\/api.w.org\/{rel}","templated":true}]}}